{"id":375,"date":"2021-10-22T13:13:56","date_gmt":"2021-10-22T13:13:56","guid":{"rendered":"http:\/\/www.vecobv.nsproject.nl\/?page_id=205"},"modified":"2022-05-11T08:20:36","modified_gmt":"2022-05-11T08:20:36","slug":"coldstore","status":"publish","type":"page","link":"https:\/\/vecobv.nl\/es\/coldstore\/","title":{"rendered":"Refrigeraci\u00f3n"},"content":{"rendered":"<p>Nuestra \u00faltima actividad es la empresa de refrigeraci\u00f3n.<\/p>\n<p>Debido al crecimiento de nuestra empresa y al posterior procesamiento por parte de nuestros clientes, surgi\u00f3 la necesidad de contar con m\u00e1s espacio de refrigeraci\u00f3n. Nuestro primer almac\u00e9n frigor\u00edfico se construy\u00f3 en 1994. Nuestra capacidad total de refrigeraci\u00f3n es de 61.000 metros c\u00fabicos. En esta c\u00e1mara almacenamos cebolletas frescas durante la cosecha antes del transporte, as\u00ed como cebollas en conserva que entregamos despu\u00e9s.<\/p>\n<p>Los productos que se entregan posteriormente se pueden adaptar a los deseos espec\u00edficos del cliente. Esto se realiza en el \u00e1rea de transferencia. Tambi\u00e9n almacenamos zanahorias, coles rojas y remolachas. Incluso a una temperatura de +2 grados, la vida \u00fatil de un producto fresco es muy limitada. En nuestras nuevas c\u00e1maras de refrigeraci\u00f3n\/congelaci\u00f3n incluso podemos almacenar productos congelados, ya que estas c\u00e1maras son adecuadas para actividades de congelaci\u00f3n de hasta -20 grados.<\/p>\n<div class=\"gallerydefault\">\n\n\t\t<style type=\"text\/css\">\n\t\t\t#gallery-1 {\n\t\t\t\tmargin: auto;\n\t\t\t}\n\t\t\t#gallery-1 .gallery-item {\n\t\t\t\tfloat: left;\n\t\t\t\tmargin-top: 10px;\n\t\t\t\ttext-align: center;\n\t\t\t\twidth: 33%;\n\t\t\t}\n\t\t\t#gallery-1 img {\n\t\t\t\tborder: 2px solid #cfcfcf;\n\t\t\t}\n\t\t\t#gallery-1 .gallery-caption {\n\t\t\t\tmargin-left: 0;\n\t\t\t}\n\t\t\t\/* see gallery_shortcode() in wp-includes\/media.php *\/\n\t\t<\/style>\n\t\t<div id='gallery-1' class='gallery galleryid-375 gallery-columns-3 gallery-size-large'><dl class='gallery-item'>\n\t\t\t<dt class='gallery-icon landscape'>\n\t\t\t\t<a href='https:\/\/vecobv.nl\/es\/coldstore\/vecobv_koelhuis\/'><img loading=\"lazy\" decoding=\"async\" width=\"1024\" height=\"683\" src=\"https:\/\/vecobv.nl\/es\/wp-content\/uploads\/sites\/5\/2021\/10\/vecobv_Koelhuis.jpg\" class=\"attachment-large size-large\" alt=\"\" srcset=\"https:\/\/vecobv.nl\/es\/wp-content\/uploads\/sites\/5\/2021\/10\/vecobv_Koelhuis.jpg 1024w, https:\/\/vecobv.nl\/es\/wp-content\/uploads\/sites\/5\/2021\/10\/vecobv_Koelhuis-300x200.jpg 300w, https:\/\/vecobv.nl\/es\/wp-content\/uploads\/sites\/5\/2021\/10\/vecobv_Koelhuis-768x512.jpg 768w, https:\/\/vecobv.nl\/es\/wp-content\/uploads\/sites\/5\/2021\/10\/vecobv_Koelhuis-100x67.jpg 100w\" sizes=\"auto, (max-width: 1024px) 100vw, 1024px\" \/><\/a>\n\t\t\t<\/dt><\/dl><dl class='gallery-item'>\n\t\t\t<dt class='gallery-icon landscape'>\n\t\t\t\t<a href='https:\/\/vecobv.nl\/es\/coldstore\/vecobv-koelhuis-overzicht\/'><img loading=\"lazy\" decoding=\"async\" width=\"1024\" height=\"683\" src=\"https:\/\/vecobv.nl\/es\/wp-content\/uploads\/sites\/5\/2021\/10\/vecobv-koelhuis-overzicht.jpg\" class=\"attachment-large size-large\" alt=\"\" srcset=\"https:\/\/vecobv.nl\/es\/wp-content\/uploads\/sites\/5\/2021\/10\/vecobv-koelhuis-overzicht.jpg 1024w, https:\/\/vecobv.nl\/es\/wp-content\/uploads\/sites\/5\/2021\/10\/vecobv-koelhuis-overzicht-300x200.jpg 300w, https:\/\/vecobv.nl\/es\/wp-content\/uploads\/sites\/5\/2021\/10\/vecobv-koelhuis-overzicht-768x512.jpg 768w, https:\/\/vecobv.nl\/es\/wp-content\/uploads\/sites\/5\/2021\/10\/vecobv-koelhuis-overzicht-100x67.jpg 100w\" sizes=\"auto, (max-width: 1024px) 100vw, 1024px\" \/><\/a>\n\t\t\t<\/dt><\/dl><dl class='gallery-item'>\n\t\t\t<dt class='gallery-icon landscape'>\n\t\t\t\t<a href='https:\/\/vecobv.nl\/es\/coldstore\/vecobv-koelhuis-diepte\/'><img loading=\"lazy\" decoding=\"async\" width=\"1024\" height=\"683\" src=\"https:\/\/vecobv.nl\/es\/wp-content\/uploads\/sites\/5\/2021\/10\/vecobv-koelhuis-diepte.jpg\" class=\"attachment-large size-large\" alt=\"\" srcset=\"https:\/\/vecobv.nl\/es\/wp-content\/uploads\/sites\/5\/2021\/10\/vecobv-koelhuis-diepte.jpg 1024w, https:\/\/vecobv.nl\/es\/wp-content\/uploads\/sites\/5\/2021\/10\/vecobv-koelhuis-diepte-300x200.jpg 300w, https:\/\/vecobv.nl\/es\/wp-content\/uploads\/sites\/5\/2021\/10\/vecobv-koelhuis-diepte-768x512.jpg 768w, https:\/\/vecobv.nl\/es\/wp-content\/uploads\/sites\/5\/2021\/10\/vecobv-koelhuis-diepte-100x67.jpg 100w\" sizes=\"auto, (max-width: 1024px) 100vw, 1024px\" \/><\/a>\n\t\t\t<\/dt><\/dl><br style=\"clear: both\" \/>\n\t\t<\/div>\n\n<\/div>\n","protected":false},"excerpt":{"rendered":"<p>Nuestra \u00faltima actividad es la empresa de refrigeraci\u00f3n. Debido al crecimiento de nuestra empresa y al posterior procesamiento por parte de nuestros clientes, surgi\u00f3 [&hellip;]<\/p>\n","protected":false},"author":1,"featured_media":0,"parent":0,"menu_order":0,"comment_status":"closed","ping_status":"closed","template":"","meta":{"_acf_changed":false,"footnotes":""},"class_list":["post-375","page","type-page","status-publish","hentry"],"acf":[],"yoast_head":"<!-- This site is optimized with the Yoast SEO plugin v26.9 - https:\/\/yoast.com\/product\/yoast-seo-wordpress\/ -->\n<title>Refrigeraci\u00f3n - Veco BV ES<\/title>\n<meta name=\"robots\" content=\"index, follow, max-snippet:-1, max-image-preview:large, max-video-preview:-1\" \/>\n<link rel=\"canonical\" href=\"https:\/\/vecobv.nl\/es\/coldstore\/\" \/>\n<meta property=\"og:locale\" content=\"es_ES\" \/>\n<meta property=\"og:type\" content=\"article\" \/>\n<meta property=\"og:title\" content=\"Refrigeraci\u00f3n - Veco BV ES\" \/>\n<meta property=\"og:description\" content=\"Nuestra \u00faltima actividad es la empresa de refrigeraci\u00f3n. Debido al crecimiento de nuestra empresa y al posterior procesamiento por parte de nuestros clientes, surgi\u00f3 [&hellip;]\" \/>\n<meta property=\"og:url\" content=\"https:\/\/vecobv.nl\/es\/coldstore\/\" \/>\n<meta property=\"og:site_name\" content=\"Veco BV ES\" \/>\n<meta property=\"article:modified_time\" content=\"2022-05-11T08:20:36+00:00\" \/>\n<meta property=\"og:image\" content=\"https:\/\/vecobv.nl\/es\/wp-content\/uploads\/sites\/5\/2021\/10\/vecobv_Koelhuis.jpg\" \/>\n<meta name=\"twitter:card\" content=\"summary_large_image\" \/>\n<meta name=\"twitter:label1\" content=\"Tiempo de lectura\" \/>\n\t<meta name=\"twitter:data1\" content=\"1 minuto\" \/>\n<script type=\"application\/ld+json\" class=\"yoast-schema-graph\">{\"@context\":\"https:\/\/schema.org\",\"@graph\":[{\"@type\":\"WebPage\",\"@id\":\"https:\/\/vecobv.nl\/es\/coldstore\/\",\"url\":\"https:\/\/vecobv.nl\/es\/coldstore\/\",\"name\":\"Refrigeraci\u00f3n - Veco BV ES\",\"isPartOf\":{\"@id\":\"https:\/\/vecobv.nl\/es\/#website\"},\"datePublished\":\"2021-10-22T13:13:56+00:00\",\"dateModified\":\"2022-05-11T08:20:36+00:00\",\"breadcrumb\":{\"@id\":\"https:\/\/vecobv.nl\/es\/coldstore\/#breadcrumb\"},\"inLanguage\":\"es\",\"potentialAction\":[{\"@type\":\"ReadAction\",\"target\":[\"https:\/\/vecobv.nl\/es\/coldstore\/\"]}]},{\"@type\":\"BreadcrumbList\",\"@id\":\"https:\/\/vecobv.nl\/es\/coldstore\/#breadcrumb\",\"itemListElement\":[{\"@type\":\"ListItem\",\"position\":1,\"name\":\"Home\",\"item\":\"https:\/\/vecobv.nl\/es\/\"},{\"@type\":\"ListItem\",\"position\":2,\"name\":\"Refrigeraci\u00f3n\"}]},{\"@type\":\"WebSite\",\"@id\":\"https:\/\/vecobv.nl\/es\/#website\",\"url\":\"https:\/\/vecobv.nl\/es\/\",\"name\":\"Veco BV ES\",\"description\":\"Een andere VecoBV sites site\",\"publisher\":{\"@id\":\"https:\/\/vecobv.nl\/es\/#organization\"},\"potentialAction\":[{\"@type\":\"SearchAction\",\"target\":{\"@type\":\"EntryPoint\",\"urlTemplate\":\"https:\/\/vecobv.nl\/es\/?s={search_term_string}\"},\"query-input\":{\"@type\":\"PropertyValueSpecification\",\"valueRequired\":true,\"valueName\":\"search_term_string\"}}],\"inLanguage\":\"es\"},{\"@type\":\"Organization\",\"@id\":\"https:\/\/vecobv.nl\/es\/#organization\",\"name\":\"Veco BV ES\",\"url\":\"https:\/\/vecobv.nl\/es\/\",\"logo\":{\"@type\":\"ImageObject\",\"inLanguage\":\"es\",\"@id\":\"https:\/\/vecobv.nl\/es\/#\/schema\/logo\/image\/\",\"url\":\"https:\/\/vecobv.nl\/es\/wp-content\/uploads\/sites\/5\/2025\/03\/veco_21.webp\",\"contentUrl\":\"https:\/\/vecobv.nl\/es\/wp-content\/uploads\/sites\/5\/2025\/03\/veco_21.webp\",\"width\":768,\"height\":483,\"caption\":\"Veco BV ES\"},\"image\":{\"@id\":\"https:\/\/vecobv.nl\/es\/#\/schema\/logo\/image\/\"}}]}<\/script>\n<!-- \/ Yoast SEO plugin. -->","yoast_head_json":{"title":"Refrigeraci\u00f3n - Veco BV ES","robots":{"index":"index","follow":"follow","max-snippet":"max-snippet:-1","max-image-preview":"max-image-preview:large","max-video-preview":"max-video-preview:-1"},"canonical":"https:\/\/vecobv.nl\/es\/coldstore\/","og_locale":"es_ES","og_type":"article","og_title":"Refrigeraci\u00f3n - Veco BV ES","og_description":"Nuestra \u00faltima actividad es la empresa de refrigeraci\u00f3n. Debido al crecimiento de nuestra empresa y al posterior procesamiento por parte de nuestros clientes, surgi\u00f3 [&hellip;]","og_url":"https:\/\/vecobv.nl\/es\/coldstore\/","og_site_name":"Veco BV ES","article_modified_time":"2022-05-11T08:20:36+00:00","og_image":[{"url":"https:\/\/vecobv.nl\/es\/wp-content\/uploads\/sites\/5\/2021\/10\/vecobv_Koelhuis.jpg","type":"","width":"","height":""}],"twitter_card":"summary_large_image","twitter_misc":{"Tiempo de lectura":"1 minuto"},"schema":{"@context":"https:\/\/schema.org","@graph":[{"@type":"WebPage","@id":"https:\/\/vecobv.nl\/es\/coldstore\/","url":"https:\/\/vecobv.nl\/es\/coldstore\/","name":"Refrigeraci\u00f3n - Veco BV ES","isPartOf":{"@id":"https:\/\/vecobv.nl\/es\/#website"},"datePublished":"2021-10-22T13:13:56+00:00","dateModified":"2022-05-11T08:20:36+00:00","breadcrumb":{"@id":"https:\/\/vecobv.nl\/es\/coldstore\/#breadcrumb"},"inLanguage":"es","potentialAction":[{"@type":"ReadAction","target":["https:\/\/vecobv.nl\/es\/coldstore\/"]}]},{"@type":"BreadcrumbList","@id":"https:\/\/vecobv.nl\/es\/coldstore\/#breadcrumb","itemListElement":[{"@type":"ListItem","position":1,"name":"Home","item":"https:\/\/vecobv.nl\/es\/"},{"@type":"ListItem","position":2,"name":"Refrigeraci\u00f3n"}]},{"@type":"WebSite","@id":"https:\/\/vecobv.nl\/es\/#website","url":"https:\/\/vecobv.nl\/es\/","name":"Veco BV ES","description":"Een andere VecoBV sites site","publisher":{"@id":"https:\/\/vecobv.nl\/es\/#organization"},"potentialAction":[{"@type":"SearchAction","target":{"@type":"EntryPoint","urlTemplate":"https:\/\/vecobv.nl\/es\/?s={search_term_string}"},"query-input":{"@type":"PropertyValueSpecification","valueRequired":true,"valueName":"search_term_string"}}],"inLanguage":"es"},{"@type":"Organization","@id":"https:\/\/vecobv.nl\/es\/#organization","name":"Veco BV ES","url":"https:\/\/vecobv.nl\/es\/","logo":{"@type":"ImageObject","inLanguage":"es","@id":"https:\/\/vecobv.nl\/es\/#\/schema\/logo\/image\/","url":"https:\/\/vecobv.nl\/es\/wp-content\/uploads\/sites\/5\/2025\/03\/veco_21.webp","contentUrl":"https:\/\/vecobv.nl\/es\/wp-content\/uploads\/sites\/5\/2025\/03\/veco_21.webp","width":768,"height":483,"caption":"Veco BV ES"},"image":{"@id":"https:\/\/vecobv.nl\/es\/#\/schema\/logo\/image\/"}}]}},"_links":{"self":[{"href":"https:\/\/vecobv.nl\/es\/wp-json\/wp\/v2\/pages\/375","targetHints":{"allow":["GET"]}}],"collection":[{"href":"https:\/\/vecobv.nl\/es\/wp-json\/wp\/v2\/pages"}],"about":[{"href":"https:\/\/vecobv.nl\/es\/wp-json\/wp\/v2\/types\/page"}],"author":[{"embeddable":true,"href":"https:\/\/vecobv.nl\/es\/wp-json\/wp\/v2\/users\/1"}],"replies":[{"embeddable":true,"href":"https:\/\/vecobv.nl\/es\/wp-json\/wp\/v2\/comments?post=375"}],"version-history":[{"count":0,"href":"https:\/\/vecobv.nl\/es\/wp-json\/wp\/v2\/pages\/375\/revisions"}],"wp:attachment":[{"href":"https:\/\/vecobv.nl\/es\/wp-json\/wp\/v2\/media?parent=375"}],"curies":[{"name":"wp","href":"https:\/\/api.w.org\/{rel}","templated":true}]}}